{"id":44,"date":"2023-10-30T20:40:26","date_gmt":"2023-10-30T20:40:26","guid":{"rendered":"https:\/\/hietsun.net\/?page_id=44"},"modified":"2025-12-30T13:51:43","modified_gmt":"2025-12-30T13:51:43","slug":"yhteystiedot","status":"publish","type":"page","link":"https:\/\/hietsun.net\/index.php\/yhteystiedot\/","title":{"rendered":"Yhteystiedot"},"content":{"rendered":"\n<div class=\"wp-block-group is-nowrap is-layout-flex wp-container-core-group-is-layout-ad2f72ca wp-block-group-is-layout-flex\">\n<p><strong>Katri ja Vesa Hietikko<\/strong><br>41370 Kuusa <br>Laukaa \/ Keski-Suomi                        <\/p>\n\n\n\n<figure class=\"wp-block-image size-large is-resized is-style-rounded\"><img loading=\"lazy\" decoding=\"async\" width=\"1021\" height=\"1024\" src=\"https:\/\/hietsun.net\/wp-content\/uploads\/2025\/12\/561800716_10232195092841828_8099994819204240197_n-1021x1024.jpg\" alt=\"\" class=\"wp-image-463\" style=\"width:229px;height:auto\" srcset=\"https:\/\/hietsun.net\/wp-content\/uploads\/2025\/12\/561800716_10232195092841828_8099994819204240197_n-1021x1024.jpg 1021w, https:\/\/hietsun.net\/wp-content\/uploads\/2025\/12\/561800716_10232195092841828_8099994819204240197_n-300x300.jpg 300w, https:\/\/hietsun.net\/wp-content\/uploads\/2025\/12\/561800716_10232195092841828_8099994819204240197_n-150x150.jpg 150w, https:\/\/hietsun.net\/wp-content\/uploads\/2025\/12\/561800716_10232195092841828_8099994819204240197_n-768x770.jpg 768w, https:\/\/hietsun.net\/wp-content\/uploads\/2025\/12\/561800716_10232195092841828_8099994819204240197_n-1532x1536.jpg 1532w, https:\/\/hietsun.net\/wp-content\/uploads\/2025\/12\/561800716_10232195092841828_8099994819204240197_n.jpg 1563w\" sizes=\"auto, (max-width: 1021px) 100vw, 1021px\" \/><\/figure>\n<\/div>\n\n\n\n<p>Katri 050-3404343 tai Vesa 0500-641731<\/p>\n\n\n\n<p>s\u00e4hk\u00f6posti: vesa.hietikko ja per\u00e4\u00e4n kirjoitetaan kolumbus.fi<\/p>\n\n\n\n<figure class=\"wp-block-gallery has-nested-images columns-default is-cropped wp-block-gallery-1 is-layout-flex wp-block-gallery-is-layout-flex\"><\/figure>\n\n\n\n<figure class=\"wp-block-image size-large is-resized\"><img loading=\"lazy\" decoding=\"async\" width=\"1024\" height=\"769\" src=\"https:\/\/hietsun.net\/wp-content\/uploads\/2025\/12\/601809753_10233121984973552_8198040305667820654_n-1024x769.jpg\" alt=\"\" class=\"wp-image-470\" style=\"aspect-ratio:1.3316108677879515;width:504px;height:auto\" srcset=\"https:\/\/hietsun.net\/wp-content\/uploads\/2025\/12\/601809753_10233121984973552_8198040305667820654_n-1024x769.jpg 1024w, https:\/\/hietsun.net\/wp-content\/uploads\/2025\/12\/601809753_10233121984973552_8198040305667820654_n-300x225.jpg 300w, https:\/\/hietsun.net\/wp-content\/uploads\/2025\/12\/601809753_10233121984973552_8198040305667820654_n-768x577.jpg 768w, https:\/\/hietsun.net\/wp-content\/uploads\/2025\/12\/601809753_10233121984973552_8198040305667820654_n-1536x1154.jpg 1536w, https:\/\/hietsun.net\/wp-content\/uploads\/2025\/12\/601809753_10233121984973552_8198040305667820654_n.jpg 2048w\" sizes=\"auto, (max-width: 1024px) 100vw, 1024px\" \/><\/figure>\n\n\n\n<figure class=\"wp-block-image size-full is-resized\"><img loading=\"lazy\" decoding=\"async\" width=\"569\" height=\"448\" src=\"https:\/\/hietsun.net\/wp-content\/uploads\/2023\/11\/2023-11-03-e1699044209997.png\" alt=\"\" class=\"wp-image-110\" style=\"aspect-ratio:1.2700892857142858;width:499px;height:auto\" srcset=\"https:\/\/hietsun.net\/wp-content\/uploads\/2023\/11\/2023-11-03-e1699044209997.png 569w, https:\/\/hietsun.net\/wp-content\/uploads\/2023\/11\/2023-11-03-e1699044209997-300x236.png 300w\" sizes=\"auto, (max-width: 569px) 100vw, 569px\" \/><\/figure>\n\n\n\n<figure class=\"wp-block-image size-full\"><img loading=\"lazy\" decoding=\"async\" width=\"500\" height=\"333\" src=\"https:\/\/hietsun.net\/wp-content\/uploads\/2023\/10\/viro1.jpg\" alt=\"\" class=\"wp-image-63\" srcset=\"https:\/\/hietsun.net\/wp-content\/uploads\/2023\/10\/viro1.jpg 500w, https:\/\/hietsun.net\/wp-content\/uploads\/2023\/10\/viro1-300x200.jpg 300w\" sizes=\"auto, (max-width: 500px) 100vw, 500px\" \/><\/figure>\n","protected":false},"excerpt":{"rendered":"<p>Katri ja Vesa Hietikko41370 Kuusa Laukaa \/ Keski-Suomi Katri 050-3404343 tai Vesa 0500-641731 s\u00e4hk\u00f6posti: vesa.hietikko ja per\u00e4\u00e4n kirjoitetaan kolumbus.fi<\/p>\n","protected":false},"author":1,"featured_media":0,"parent":0,"menu_order":0,"comment_status":"closed","ping_status":"closed","template":"","meta":{"footnotes":""},"class_list":["post-44","page","type-page","status-publish","hentry"],"_links":{"self":[{"href":"https:\/\/hietsun.net\/index.php\/wp-json\/wp\/v2\/pages\/44","targetHints":{"allow":["GET"]}}],"collection":[{"href":"https:\/\/hietsun.net\/index.php\/wp-json\/wp\/v2\/pages"}],"about":[{"href":"https:\/\/hietsun.net\/index.php\/wp-json\/wp\/v2\/types\/page"}],"author":[{"embeddable":true,"href":"https:\/\/hietsun.net\/index.php\/wp-json\/wp\/v2\/users\/1"}],"replies":[{"embeddable":true,"href":"https:\/\/hietsun.net\/index.php\/wp-json\/wp\/v2\/comments?post=44"}],"version-history":[{"count":13,"href":"https:\/\/hietsun.net\/index.php\/wp-json\/wp\/v2\/pages\/44\/revisions"}],"predecessor-version":[{"id":472,"href":"https:\/\/hietsun.net\/index.php\/wp-json\/wp\/v2\/pages\/44\/revisions\/472"}],"wp:attachment":[{"href":"https:\/\/hietsun.net\/index.php\/wp-json\/wp\/v2\/media?parent=44"}],"curies":[{"name":"wp","href":"https:\/\/api.w.org\/{rel}","templated":true}]}}